{"id":126,"date":"2020-05-07T14:21:34","date_gmt":"2020-05-07T12:21:34","guid":{"rendered":"http:\/\/vivacorps.fr\/?page_id=126"},"modified":"2025-10-15T16:43:19","modified_gmt":"2025-10-15T14:43:19","slug":"activites-physiques-collectives","status":"publish","type":"page","link":"https:\/\/vivacorps.fr\/?page_id=126","title":{"rendered":"Activit\u00e9s Physiques collectives"},"content":{"rendered":"\n<p>Vous pr\u00e9f\u00e9rez pratiquer en groupe, plut\u00f4t que seul ? <\/p>\n\n\n\n<p>N&rsquo;h\u00e9sitez pas \u00e0 rejoindre les cours collectifs de l&rsquo;association Viv&rsquo; A Corps sur Colmar &amp; H\u00e9genheim<\/p>\n\n\n\n<div class=\"wp-block-group is-nowrap is-layout-flex wp-container-core-group-is-layout-ad2f72ca wp-block-group-is-layout-flex\">\n<figure data-wp-context=\"{&quot;imageId&quot;:&quot;69e5ae1da9742&quot;}\" data-wp-interactive=\"core\/image\" data-wp-key=\"69e5ae1da9742\" class=\"wp-block-image size-full is-resized wp-lightbox-container\"><img loading=\"lazy\" decoding=\"async\" width=\"1920\" height=\"1080\" data-wp-class--hide=\"state.isContentHidden\" data-wp-class--show=\"state.isContentVisible\" data-wp-init=\"callbacks.setButtonStyles\" data-wp-on--click=\"actions.showLightbox\" data-wp-on--load=\"callbacks.setButtonStyles\" data-wp-on-window--resize=\"callbacks.setButtonStyles\" src=\"http:\/\/vivacorps.fr\/wp-content\/uploads\/2025\/10\/Calendrier-AP-VAC-20252026.jpg\" alt=\"\" class=\"wp-image-810\" style=\"width:826px;height:auto\" srcset=\"https:\/\/vivacorps.fr\/wp-content\/uploads\/2025\/10\/Calendrier-AP-VAC-20252026.jpg 1920w, https:\/\/vivacorps.fr\/wp-content\/uploads\/2025\/10\/Calendrier-AP-VAC-20252026-300x169.jpg 300w, https:\/\/vivacorps.fr\/wp-content\/uploads\/2025\/10\/Calendrier-AP-VAC-20252026-1024x576.jpg 1024w, https:\/\/vivacorps.fr\/wp-content\/uploads\/2025\/10\/Calendrier-AP-VAC-20252026-768x432.jpg 768w, https:\/\/vivacorps.fr\/wp-content\/uploads\/2025\/10\/Calendrier-AP-VAC-20252026-1536x864.jpg 1536w\" sizes=\"auto, (max-width: 1920px) 100vw, 1920px\" \/><button\n\t\t\tclass=\"lightbox-trigger\"\n\t\t\ttype=\"button\"\n\t\t\taria-haspopup=\"dialog\"\n\t\t\taria-label=\"Agrandir\"\n\t\t\tdata-wp-init=\"callbacks.initTriggerButton\"\n\t\t\tdata-wp-on--click=\"actions.showLightbox\"\n\t\t\tdata-wp-style--right=\"state.imageButtonRight\"\n\t\t\tdata-wp-style--top=\"state.imageButtonTop\"\n\t\t>\n\t\t\t<svg xmlns=\"http:\/\/www.w3.org\/2000\/svg\" width=\"12\" height=\"12\" fill=\"none\" viewBox=\"0 0 12 12\">\n\t\t\t\t<path fill=\"#fff\" d=\"M2 0a2 2 0 0 0-2 2v2h1.5V2a.5.5 0 0 1 .5-.5h2V0H2Zm2 10.5H2a.5.5 0 0 1-.5-.5V8H0v2a2 2 0 0 0 2 2h2v-1.5ZM8 12v-1.5h2a.5.5 0 0 0 .5-.5V8H12v2a2 2 0 0 1-2 2H8Zm2-12a2 2 0 0 1 2 2v2h-1.5V2a.5.5 0 0 0-.5-.5H8V0h2Z\" \/>\n\t\t\t<\/svg>\n\t\t<\/button><\/figure>\n<\/div>\n\n\n\n<div class=\"wp-block-group\"><div class=\"wp-block-group__inner-container is-layout-constrained wp-block-group-is-layout-constrained\">\n<p>Compl\u00e9tez la fiche d&rsquo;inscription ci dessous, joignez nous un certificat m\u00e9dical et le tour est jou\u00e9!<\/p>\n<\/div><\/div>\n\n\n\n<p>L&rsquo;activit\u00e9 choisie peut d\u00e9marrer!<\/p>\n\n\n\n<p>Attention, les places sont limit\u00e9es :<\/p>\n\n\n\n<div class=\"wp-block-columns is-layout-flex wp-container-core-columns-is-layout-9d6595d7 wp-block-columns-is-layout-flex\">\n<div class=\"wp-block-column is-layout-flow wp-block-column-is-layout-flow\">\n<figure data-wp-context=\"{&quot;imageId&quot;:&quot;69e5ae1daa548&quot;}\" data-wp-interactive=\"core\/image\" data-wp-key=\"69e5ae1daa548\" class=\"wp-block-image size-full is-resized wp-lightbox-container\"><img loading=\"lazy\" decoding=\"async\" width=\"1414\" height=\"2000\" data-wp-class--hide=\"state.isContentHidden\" data-wp-class--show=\"state.isContentVisible\" data-wp-init=\"callbacks.setButtonStyles\" data-wp-on--click=\"actions.showLightbox\" data-wp-on--load=\"callbacks.setButtonStyles\" data-wp-on-window--resize=\"callbacks.setButtonStyles\" src=\"https:\/\/vivacorps.fr\/wp-content\/uploads\/2025\/07\/Recto.jpg\" alt=\"\" class=\"wp-image-780\" style=\"width:404px;height:auto\" srcset=\"https:\/\/vivacorps.fr\/wp-content\/uploads\/2025\/07\/Recto.jpg 1414w, https:\/\/vivacorps.fr\/wp-content\/uploads\/2025\/07\/Recto-212x300.jpg 212w, https:\/\/vivacorps.fr\/wp-content\/uploads\/2025\/07\/Recto-724x1024.jpg 724w, https:\/\/vivacorps.fr\/wp-content\/uploads\/2025\/07\/Recto-768x1086.jpg 768w, https:\/\/vivacorps.fr\/wp-content\/uploads\/2025\/07\/Recto-1086x1536.jpg 1086w\" sizes=\"auto, (max-width: 1414px) 100vw, 1414px\" \/><button\n\t\t\tclass=\"lightbox-trigger\"\n\t\t\ttype=\"button\"\n\t\t\taria-haspopup=\"dialog\"\n\t\t\taria-label=\"Agrandir\"\n\t\t\tdata-wp-init=\"callbacks.initTriggerButton\"\n\t\t\tdata-wp-on--click=\"actions.showLightbox\"\n\t\t\tdata-wp-style--right=\"state.imageButtonRight\"\n\t\t\tdata-wp-style--top=\"state.imageButtonTop\"\n\t\t>\n\t\t\t<svg xmlns=\"http:\/\/www.w3.org\/2000\/svg\" width=\"12\" height=\"12\" fill=\"none\" viewBox=\"0 0 12 12\">\n\t\t\t\t<path fill=\"#fff\" d=\"M2 0a2 2 0 0 0-2 2v2h1.5V2a.5.5 0 0 1 .5-.5h2V0H2Zm2 10.5H2a.5.5 0 0 1-.5-.5V8H0v2a2 2 0 0 0 2 2h2v-1.5ZM8 12v-1.5h2a.5.5 0 0 0 .5-.5V8H12v2a2 2 0 0 1-2 2H8Zm2-12a2 2 0 0 1 2 2v2h-1.5V2a.5.5 0 0 0-.5-.5H8V0h2Z\" \/>\n\t\t\t<\/svg>\n\t\t<\/button><\/figure>\n<\/div>\n\n\n\n<div class=\"wp-block-column is-layout-flow wp-block-column-is-layout-flow\"><div class=\"wp-block-image\">\n<figure data-wp-context=\"{&quot;imageId&quot;:&quot;69e5ae1daab48&quot;}\" data-wp-interactive=\"core\/image\" data-wp-key=\"69e5ae1daab48\" class=\"alignleft size-large is-resized wp-lightbox-container\"><img loading=\"lazy\" decoding=\"async\" width=\"724\" height=\"1024\" data-wp-class--hide=\"state.isContentHidden\" data-wp-class--show=\"state.isContentVisible\" data-wp-init=\"callbacks.setButtonStyles\" data-wp-on--click=\"actions.showLightbox\" data-wp-on--load=\"callbacks.setButtonStyles\" data-wp-on-window--resize=\"callbacks.setButtonStyles\" src=\"https:\/\/vivacorps.fr\/wp-content\/uploads\/2025\/07\/Verso-724x1024.jpg\" alt=\"\" class=\"wp-image-782\" style=\"width:399px;height:auto\" srcset=\"https:\/\/vivacorps.fr\/wp-content\/uploads\/2025\/07\/Verso-724x1024.jpg 724w, https:\/\/vivacorps.fr\/wp-content\/uploads\/2025\/07\/Verso-212x300.jpg 212w, https:\/\/vivacorps.fr\/wp-content\/uploads\/2025\/07\/Verso-768x1086.jpg 768w, https:\/\/vivacorps.fr\/wp-content\/uploads\/2025\/07\/Verso-1086x1536.jpg 1086w, https:\/\/vivacorps.fr\/wp-content\/uploads\/2025\/07\/Verso.jpg 1414w\" sizes=\"auto, (max-width: 724px) 100vw, 724px\" \/><button\n\t\t\tclass=\"lightbox-trigger\"\n\t\t\ttype=\"button\"\n\t\t\taria-haspopup=\"dialog\"\n\t\t\taria-label=\"Agrandir\"\n\t\t\tdata-wp-init=\"callbacks.initTriggerButton\"\n\t\t\tdata-wp-on--click=\"actions.showLightbox\"\n\t\t\tdata-wp-style--right=\"state.imageButtonRight\"\n\t\t\tdata-wp-style--top=\"state.imageButtonTop\"\n\t\t>\n\t\t\t<svg xmlns=\"http:\/\/www.w3.org\/2000\/svg\" width=\"12\" height=\"12\" fill=\"none\" viewBox=\"0 0 12 12\">\n\t\t\t\t<path fill=\"#fff\" d=\"M2 0a2 2 0 0 0-2 2v2h1.5V2a.5.5 0 0 1 .5-.5h2V0H2Zm2 10.5H2a.5.5 0 0 1-.5-.5V8H0v2a2 2 0 0 0 2 2h2v-1.5ZM8 12v-1.5h2a.5.5 0 0 0 .5-.5V8H12v2a2 2 0 0 1-2 2H8Zm2-12a2 2 0 0 1 2 2v2h-1.5V2a.5.5 0 0 0-.5-.5H8V0h2Z\" \/>\n\t\t\t<\/svg>\n\t\t<\/button><\/figure>\n<\/div><\/div>\n<\/div>\n\n\n\n<h4 class=\"wp-block-heading\"><strong>Vous trouverez ci dessous un descriptif des Activit\u00e9s Viv&rsquo; A Corps<\/strong><\/h4>\n\n\n\n<div class=\"wp-block-columns is-layout-flex wp-container-core-columns-is-layout-9d6595d7 wp-block-columns-is-layout-flex\">\n<div class=\"wp-block-column is-layout-flow wp-block-column-is-layout-flow\">\n<figure data-wp-context=\"{&quot;imageId&quot;:&quot;69e5ae1dab0ee&quot;}\" data-wp-interactive=\"core\/image\" data-wp-key=\"69e5ae1dab0ee\" class=\"wp-block-image size-large wp-lightbox-container\"><img loading=\"lazy\" decoding=\"async\" width=\"1024\" height=\"1024\" data-wp-class--hide=\"state.isContentHidden\" data-wp-class--show=\"state.isContentVisible\" data-wp-init=\"callbacks.setButtonStyles\" data-wp-on--click=\"actions.showLightbox\" data-wp-on--load=\"callbacks.setButtonStyles\" data-wp-on-window--resize=\"callbacks.setButtonStyles\" src=\"http:\/\/vivacorps.fr\/wp-content\/uploads\/2025\/10\/Descriptif-AP-VAC-page-1-1024x1024.jpg\" alt=\"\" class=\"wp-image-815\" srcset=\"https:\/\/vivacorps.fr\/wp-content\/uploads\/2025\/10\/Descriptif-AP-VAC-page-1-1024x1024.jpg 1024w, https:\/\/vivacorps.fr\/wp-content\/uploads\/2025\/10\/Descriptif-AP-VAC-page-1-300x300.jpg 300w, https:\/\/vivacorps.fr\/wp-content\/uploads\/2025\/10\/Descriptif-AP-VAC-page-1-150x150.jpg 150w, https:\/\/vivacorps.fr\/wp-content\/uploads\/2025\/10\/Descriptif-AP-VAC-page-1-768x768.jpg 768w, https:\/\/vivacorps.fr\/wp-content\/uploads\/2025\/10\/Descriptif-AP-VAC-page-1.jpg 1080w\" sizes=\"auto, (max-width: 1024px) 100vw, 1024px\" \/><button\n\t\t\tclass=\"lightbox-trigger\"\n\t\t\ttype=\"button\"\n\t\t\taria-haspopup=\"dialog\"\n\t\t\taria-label=\"Agrandir\"\n\t\t\tdata-wp-init=\"callbacks.initTriggerButton\"\n\t\t\tdata-wp-on--click=\"actions.showLightbox\"\n\t\t\tdata-wp-style--right=\"state.imageButtonRight\"\n\t\t\tdata-wp-style--top=\"state.imageButtonTop\"\n\t\t>\n\t\t\t<svg xmlns=\"http:\/\/www.w3.org\/2000\/svg\" width=\"12\" height=\"12\" fill=\"none\" viewBox=\"0 0 12 12\">\n\t\t\t\t<path fill=\"#fff\" d=\"M2 0a2 2 0 0 0-2 2v2h1.5V2a.5.5 0 0 1 .5-.5h2V0H2Zm2 10.5H2a.5.5 0 0 1-.5-.5V8H0v2a2 2 0 0 0 2 2h2v-1.5ZM8 12v-1.5h2a.5.5 0 0 0 .5-.5V8H12v2a2 2 0 0 1-2 2H8Zm2-12a2 2 0 0 1 2 2v2h-1.5V2a.5.5 0 0 0-.5-.5H8V0h2Z\" \/>\n\t\t\t<\/svg>\n\t\t<\/button><\/figure>\n<\/div>\n\n\n\n<div class=\"wp-block-column is-layout-flow wp-block-column-is-layout-flow\">\n<figure data-wp-context=\"{&quot;imageId&quot;:&quot;69e5ae1dab545&quot;}\" data-wp-interactive=\"core\/image\" data-wp-key=\"69e5ae1dab545\" class=\"wp-block-image size-large wp-lightbox-container\"><img loading=\"lazy\" decoding=\"async\" width=\"1024\" height=\"1024\" data-wp-class--hide=\"state.isContentHidden\" data-wp-class--show=\"state.isContentVisible\" data-wp-init=\"callbacks.setButtonStyles\" data-wp-on--click=\"actions.showLightbox\" data-wp-on--load=\"callbacks.setButtonStyles\" data-wp-on-window--resize=\"callbacks.setButtonStyles\" src=\"http:\/\/vivacorps.fr\/wp-content\/uploads\/2025\/10\/Descriptif-AP-VAC-page-1-2-1024x1024.jpg\" alt=\"\" class=\"wp-image-816\" srcset=\"https:\/\/vivacorps.fr\/wp-content\/uploads\/2025\/10\/Descriptif-AP-VAC-page-1-2-1024x1024.jpg 1024w, https:\/\/vivacorps.fr\/wp-content\/uploads\/2025\/10\/Descriptif-AP-VAC-page-1-2-300x300.jpg 300w, https:\/\/vivacorps.fr\/wp-content\/uploads\/2025\/10\/Descriptif-AP-VAC-page-1-2-150x150.jpg 150w, https:\/\/vivacorps.fr\/wp-content\/uploads\/2025\/10\/Descriptif-AP-VAC-page-1-2-768x768.jpg 768w, https:\/\/vivacorps.fr\/wp-content\/uploads\/2025\/10\/Descriptif-AP-VAC-page-1-2.jpg 1080w\" sizes=\"auto, (max-width: 1024px) 100vw, 1024px\" \/><button\n\t\t\tclass=\"lightbox-trigger\"\n\t\t\ttype=\"button\"\n\t\t\taria-haspopup=\"dialog\"\n\t\t\taria-label=\"Agrandir\"\n\t\t\tdata-wp-init=\"callbacks.initTriggerButton\"\n\t\t\tdata-wp-on--click=\"actions.showLightbox\"\n\t\t\tdata-wp-style--right=\"state.imageButtonRight\"\n\t\t\tdata-wp-style--top=\"state.imageButtonTop\"\n\t\t>\n\t\t\t<svg xmlns=\"http:\/\/www.w3.org\/2000\/svg\" width=\"12\" height=\"12\" fill=\"none\" viewBox=\"0 0 12 12\">\n\t\t\t\t<path fill=\"#fff\" d=\"M2 0a2 2 0 0 0-2 2v2h1.5V2a.5.5 0 0 1 .5-.5h2V0H2Zm2 10.5H2a.5.5 0 0 1-.5-.5V8H0v2a2 2 0 0 0 2 2h2v-1.5ZM8 12v-1.5h2a.5.5 0 0 0 .5-.5V8H12v2a2 2 0 0 1-2 2H8Zm2-12a2 2 0 0 1 2 2v2h-1.5V2a.5.5 0 0 0-.5-.5H8V0h2Z\" \/>\n\t\t\t<\/svg>\n\t\t<\/button><\/figure>\n<\/div>\n\n\n\n<div class=\"wp-block-column is-layout-flow wp-block-column-is-layout-flow\">\n<figure data-wp-context=\"{&quot;imageId&quot;:&quot;69e5ae1dab97a&quot;}\" data-wp-interactive=\"core\/image\" data-wp-key=\"69e5ae1dab97a\" class=\"wp-block-image size-large wp-lightbox-container\"><img loading=\"lazy\" decoding=\"async\" width=\"1024\" height=\"1024\" data-wp-class--hide=\"state.isContentHidden\" data-wp-class--show=\"state.isContentVisible\" data-wp-init=\"callbacks.setButtonStyles\" data-wp-on--click=\"actions.showLightbox\" data-wp-on--load=\"callbacks.setButtonStyles\" data-wp-on-window--resize=\"callbacks.setButtonStyles\" src=\"http:\/\/vivacorps.fr\/wp-content\/uploads\/2025\/10\/Descriptif-AP-VAC-page-2-1024x1024.jpg\" alt=\"\" class=\"wp-image-817\" srcset=\"https:\/\/vivacorps.fr\/wp-content\/uploads\/2025\/10\/Descriptif-AP-VAC-page-2-1024x1024.jpg 1024w, https:\/\/vivacorps.fr\/wp-content\/uploads\/2025\/10\/Descriptif-AP-VAC-page-2-300x300.jpg 300w, https:\/\/vivacorps.fr\/wp-content\/uploads\/2025\/10\/Descriptif-AP-VAC-page-2-150x150.jpg 150w, https:\/\/vivacorps.fr\/wp-content\/uploads\/2025\/10\/Descriptif-AP-VAC-page-2-768x768.jpg 768w, https:\/\/vivacorps.fr\/wp-content\/uploads\/2025\/10\/Descriptif-AP-VAC-page-2.jpg 1080w\" sizes=\"auto, (max-width: 1024px) 100vw, 1024px\" \/><button\n\t\t\tclass=\"lightbox-trigger\"\n\t\t\ttype=\"button\"\n\t\t\taria-haspopup=\"dialog\"\n\t\t\taria-label=\"Agrandir\"\n\t\t\tdata-wp-init=\"callbacks.initTriggerButton\"\n\t\t\tdata-wp-on--click=\"actions.showLightbox\"\n\t\t\tdata-wp-style--right=\"state.imageButtonRight\"\n\t\t\tdata-wp-style--top=\"state.imageButtonTop\"\n\t\t>\n\t\t\t<svg xmlns=\"http:\/\/www.w3.org\/2000\/svg\" width=\"12\" height=\"12\" fill=\"none\" viewBox=\"0 0 12 12\">\n\t\t\t\t<path fill=\"#fff\" d=\"M2 0a2 2 0 0 0-2 2v2h1.5V2a.5.5 0 0 1 .5-.5h2V0H2Zm2 10.5H2a.5.5 0 0 1-.5-.5V8H0v2a2 2 0 0 0 2 2h2v-1.5ZM8 12v-1.5h2a.5.5 0 0 0 .5-.5V8H12v2a2 2 0 0 1-2 2H8Zm2-12a2 2 0 0 1 2 2v2h-1.5V2a.5.5 0 0 0-.5-.5H8V0h2Z\" \/>\n\t\t\t<\/svg>\n\t\t<\/button><\/figure>\n<\/div>\n<\/div>\n","protected":false},"excerpt":{"rendered":"<p>Vous pr\u00e9f\u00e9rez pratiquer en groupe, plut\u00f4t que seul ? N&rsquo;h\u00e9sitez pas \u00e0 rejoindre les cours collectifs de l&rsquo;association Viv&rsquo; A Corps sur Colmar &amp; H\u00e9genheim Compl\u00e9tez la fiche d&rsquo;inscription ci dessous, joignez nous un certificat m\u00e9dical et le tour est jou\u00e9! L&rsquo;activit\u00e9 choisie peut d\u00e9marrer! Attention, les places sont limit\u00e9es : Vous trouverez ci dessous un descriptif des Activit\u00e9s Viv&rsquo; &hellip; <\/p>\n","protected":false},"author":1,"featured_media":0,"parent":49,"menu_order":2,"comment_status":"closed","ping_status":"closed","template":"","meta":{"footnotes":""},"class_list":["post-126","page","type-page","status-publish","hentry"],"_links":{"self":[{"href":"https:\/\/vivacorps.fr\/index.php?rest_route=\/wp\/v2\/pages\/126","targetHints":{"allow":["GET"]}}],"collection":[{"href":"https:\/\/vivacorps.fr\/index.php?rest_route=\/wp\/v2\/pages"}],"about":[{"href":"https:\/\/vivacorps.fr\/index.php?rest_route=\/wp\/v2\/types\/page"}],"author":[{"embeddable":true,"href":"https:\/\/vivacorps.fr\/index.php?rest_route=\/wp\/v2\/users\/1"}],"replies":[{"embeddable":true,"href":"https:\/\/vivacorps.fr\/index.php?rest_route=%2Fwp%2Fv2%2Fcomments&post=126"}],"version-history":[{"count":27,"href":"https:\/\/vivacorps.fr\/index.php?rest_route=\/wp\/v2\/pages\/126\/revisions"}],"predecessor-version":[{"id":818,"href":"https:\/\/vivacorps.fr\/index.php?rest_route=\/wp\/v2\/pages\/126\/revisions\/818"}],"up":[{"embeddable":true,"href":"https:\/\/vivacorps.fr\/index.php?rest_route=\/wp\/v2\/pages\/49"}],"wp:attachment":[{"href":"https:\/\/vivacorps.fr\/index.php?rest_route=%2Fwp%2Fv2%2Fmedia&parent=126"}],"curies":[{"name":"wp","href":"https:\/\/api.w.org\/{rel}","templated":true}]}}